{"id":85,"date":"2024-02-19T13:09:27","date_gmt":"2024-02-19T13:09:27","guid":{"rendered":"http:\/\/www.drahmetcoskun.com\/?page_id=85"},"modified":"2024-02-21T10:51:15","modified_gmt":"2024-02-21T10:51:15","slug":"about","status":"publish","type":"page","link":"https:\/\/www.drahmetcoskun.com\/?page_id=85&lang=en","title":{"rendered":""},"content":{"rendered":"\n<div class=\"wp-block-columns is-layout-flex wp-container-core-columns-is-layout-28f84493 wp-block-columns-is-layout-flex\">\n<div class=\"wp-block-column is-layout-flow wp-block-column-is-layout-flow\"><\/div>\n\n\n\n<div class=\"wp-block-column is-layout-flow wp-block-column-is-layout-flow\">\n<p style=\"font-size:16px\">-He graduated from Mersin University Faculty of Medicine in 2009.<br><br>-He worked at Hatay Reyhanl\u0131 Community Health Center as a GP (General Practitioner).<br><br>-He completed his medical speciality in Otorhinolaryngology-Head and Neck Surgery at Mustafa Kemal University in 2021.<br><br>-During and after his education, he performed many surgeries due to his interest in rhinoplasty and facial aesthetics.<br><br>-He has been following innovations by attending to the congresses, meetings, and trainings about nose and facial aesthetics.<br><br>-Currently, he is still improving his knowledge and skills by working with Assoc. Prof. Dr. S\u00fcreyya SENELDIR.<\/p>\n\n\n\n<h4 class=\"wp-block-heading\" style=\"font-size:16px\">Thanks.<br>He trained many Ear Nose and Throat physicians like me; I would like to thank my master Sureyya SENELDIR, who supported me to come to this day with his professional knowledge and experiences as well as his shares about life.<\/h4>\n<\/div>\n<\/div>\n","protected":false},"excerpt":{"rendered":"<p>-He graduated from Mersin University Faculty of Medicine in 2009. -He worked at Hatay Reyhanl\u0131 Community Health Center as a GP (General Practitioner). -He completed his medical speciality in Otorhinolaryngology-Head and Neck Surgery at Mustafa Kemal University in 2021. -During and after his education, he performed many surgeries due to his interest in rhinoplasty and<a class=\"more-link\" href=\"https:\/\/www.drahmetcoskun.com\/?page_id=85&#038;lang=en\"> yaz\u0131s\u0131n\u0131n devam\u0131n\u0131 oku<\/a><\/p>\n","protected":false},"author":1,"featured_media":0,"parent":0,"menu_order":0,"comment_status":"closed","ping_status":"closed","template":"","meta":{"footnotes":""},"class_list":["post-85","page","type-page","status-publish","hentry","entry"],"_links":{"self":[{"href":"https:\/\/www.drahmetcoskun.com\/index.php?rest_route=\/wp\/v2\/pages\/85","targetHints":{"allow":["GET"]}}],"collection":[{"href":"https:\/\/www.drahmetcoskun.com\/index.php?rest_route=\/wp\/v2\/pages"}],"about":[{"href":"https:\/\/www.drahmetcoskun.com\/index.php?rest_route=\/wp\/v2\/types\/page"}],"author":[{"embeddable":true,"href":"https:\/\/www.drahmetcoskun.com\/index.php?rest_route=\/wp\/v2\/users\/1"}],"replies":[{"embeddable":true,"href":"https:\/\/www.drahmetcoskun.com\/index.php?rest_route=%2Fwp%2Fv2%2Fcomments&post=85"}],"version-history":[{"count":3,"href":"https:\/\/www.drahmetcoskun.com\/index.php?rest_route=\/wp\/v2\/pages\/85\/revisions"}],"predecessor-version":[{"id":173,"href":"https:\/\/www.drahmetcoskun.com\/index.php?rest_route=\/wp\/v2\/pages\/85\/revisions\/173"}],"wp:attachment":[{"href":"https:\/\/www.drahmetcoskun.com\/index.php?rest_route=%2Fwp%2Fv2%2Fmedia&parent=85"}],"curies":[{"name":"wp","href":"https:\/\/api.w.org\/{rel}","templated":true}]}}